{"id":42,"date":"2022-04-19T14:43:36","date_gmt":"2022-04-19T14:43:36","guid":{"rendered":"https:\/\/clinisonrie.cl\/?page_id=42"},"modified":"2023-09-13T15:55:52","modified_gmt":"2023-09-13T15:55:52","slug":"clinisonrie-lampa","status":"publish","type":"page","link":"https:\/\/clinisonrie.cl\/index.php\/nuestras-sedes\/clinisonrie-lampa\/","title":{"rendered":"CliniSonrie Lampa"},"content":{"rendered":"<p>[et_pb_section fb_built=\u00bb1&#8243; _builder_version=\u00bb4.14.4&#8243; _module_preset=\u00bbdefault\u00bb global_colors_info=\u00bb{}\u00bb][et_pb_row column_structure=\u00bb1_3,1_3,1_3&#8243; _builder_version=\u00bb4.14.4&#8243; _module_preset=\u00bbdefault\u00bb global_colors_info=\u00bb{}\u00bb][et_pb_column type=\u00bb1_3&#8243; _builder_version=\u00bb4.14.4&#8243; _module_preset=\u00bbdefault\u00bb global_colors_info=\u00bb{}\u00bb][et_pb_image src=\u00bbhttps:\/\/clinisonrie.cl\/wp-content\/uploads\/2022\/07\/28.png\u00bb title_text=\u00bb28&#8243; _builder_version=\u00bb4.14.4&#8243; _module_preset=\u00bbdefault\u00bb global_colors_info=\u00bb{}\u00bb][\/et_pb_image][\/et_pb_column][et_pb_column type=\u00bb1_3&#8243; _builder_version=\u00bb4.14.4&#8243; _module_preset=\u00bbdefault\u00bb global_colors_info=\u00bb{}\u00bb][et_pb_text _builder_version=\u00bb4.14.4&#8243; _module_preset=\u00bbdefault\u00bb global_colors_info=\u00bb{}\u00bb]<\/p>\n<p>Ubicaci\u00f3n: Arturo Pratt 1073 Local 19, Lampa, Regi\u00f3n Metropolitana<\/p>\n<p>Call Center: +56 9 9132 2187<\/p>\n<p>&nbsp;<\/p>\n<p><strong>Horario de Atenci\u00f3n<br \/><\/strong><span>Lunes a Viernes<\/span><br \/><span>10:00 a 14:00 &#8211; 15:00 a 19:00<\/span><\/p>\n<p>[\/et_pb_text][et_pb_button button_url=\u00bbhttps:\/\/wa.link\/4vi9yz\u00bb button_text=\u00bbH\u00e1blanos al Whatsapp \u00bb _builder_version=\u00bb4.14.4&#8243; _module_preset=\u00bbdefault\u00bb custom_button=\u00bbon\u00bb button_icon=\u00bb&#xf232;||fa||400&#8243; global_colors_info=\u00bb{}\u00bb][\/et_pb_button][\/et_pb_column][et_pb_column type=\u00bb1_3&#8243; _builder_version=\u00bb4.14.4&#8243; _module_preset=\u00bbdefault\u00bb global_colors_info=\u00bb{}\u00bb][et_pb_code _builder_version=\u00bb4.14.4&#8243; _module_preset=\u00bbdefault\u00bb hover_enabled=\u00bb0&#8243; global_colors_info=\u00bb{}\u00bb sticky_enabled=\u00bb0&#8243;]<iframe src=\"https:\/\/www.google.com\/maps\/embed?pb=!1m18!1m12!1m3!1d3335.2613211107528!2d-70.87799468426876!3d-33.28582579646931!2m3!1f0!2f0!3f0!3m2!1i1024!2i768!4f13.1!3m3!1m2!1s0x96629438c1e5b243%3A0xa2443ebe02218707!2sArturo%20Prat%201073%2C%20Lampa%2C%20Regi%C3%B3n%20Metropolitana!5e0!3m2!1ses-419!2scl!4v1651071310124!5m2!1ses-419!2scl\" width=\"600\" height=\"450\" style=\"border:0;\" allowfullscreen=\"\" loading=\"lazy\" referrerpolicy=\"no-referrer-when-downgrade\"><\/iframe>[\/et_pb_code][\/et_pb_column][\/et_pb_row][\/et_pb_section]<\/p>\n","protected":false},"excerpt":{"rendered":"<p>Ubicaci\u00f3n: Arturo Pratt 1073 Local 19, Lampa, Regi\u00f3n Metropolitana Call Center: +56 9 9132 2187 &nbsp; Horario de Atenci\u00f3nLunes a Viernes10:00 a 14:00 &#8211; 15:00 a 19:00<\/p>\n","protected":false},"author":1,"featured_media":0,"parent":38,"menu_order":2,"comment_status":"closed","ping_status":"closed","template":"","meta":{"_et_pb_use_builder":"on","_et_pb_old_content":"","_et_gb_content_width":"","footnotes":""},"class_list":["post-42","page","type-page","status-publish","hentry"],"_links":{"self":[{"href":"https:\/\/clinisonrie.cl\/index.php\/wp-json\/wp\/v2\/pages\/42","targetHints":{"allow":["GET"]}}],"collection":[{"href":"https:\/\/clinisonrie.cl\/index.php\/wp-json\/wp\/v2\/pages"}],"about":[{"href":"https:\/\/clinisonrie.cl\/index.php\/wp-json\/wp\/v2\/types\/page"}],"author":[{"embeddable":true,"href":"https:\/\/clinisonrie.cl\/index.php\/wp-json\/wp\/v2\/users\/1"}],"replies":[{"embeddable":true,"href":"https:\/\/clinisonrie.cl\/index.php\/wp-json\/wp\/v2\/comments?post=42"}],"version-history":[{"count":10,"href":"https:\/\/clinisonrie.cl\/index.php\/wp-json\/wp\/v2\/pages\/42\/revisions"}],"predecessor-version":[{"id":1000,"href":"https:\/\/clinisonrie.cl\/index.php\/wp-json\/wp\/v2\/pages\/42\/revisions\/1000"}],"up":[{"embeddable":true,"href":"https:\/\/clinisonrie.cl\/index.php\/wp-json\/wp\/v2\/pages\/38"}],"wp:attachment":[{"href":"https:\/\/clinisonrie.cl\/index.php\/wp-json\/wp\/v2\/media?parent=42"}],"curies":[{"name":"wp","href":"https:\/\/api.w.org\/{rel}","templated":true}]}}