{"id":46,"date":"2022-04-19T14:44:14","date_gmt":"2022-04-19T14:44:14","guid":{"rendered":"https:\/\/clinisonrie.cl\/?page_id=46"},"modified":"2022-07-26T15:58:05","modified_gmt":"2022-07-26T15:58:05","slug":"clinisonrie-til-til","status":"publish","type":"page","link":"https:\/\/clinisonrie.cl\/index.php\/nuestras-sedes\/clinisonrie-til-til\/","title":{"rendered":"CliniSonrie Til Til"},"content":{"rendered":"<p>[et_pb_section fb_built=\u00bb1&#8243; _builder_version=\u00bb4.14.4&#8243; _module_preset=\u00bbdefault\u00bb global_colors_info=\u00bb{}\u00bb][et_pb_row column_structure=\u00bb1_3,1_3,1_3&#8243; _builder_version=\u00bb4.14.4&#8243; _module_preset=\u00bbdefault\u00bb global_colors_info=\u00bb{}\u00bb][et_pb_column type=\u00bb1_3&#8243; _builder_version=\u00bb4.14.4&#8243; _module_preset=\u00bbdefault\u00bb global_colors_info=\u00bb{}\u00bb][et_pb_image src=\u00bbhttps:\/\/clinisonrie.cl\/wp-content\/uploads\/2022\/07\/26.png\u00bb _builder_version=\u00bb4.14.4&#8243; _module_preset=\u00bbdefault\u00bb title_text=\u00bb26&#8243; hover_enabled=\u00bb0&#8243; sticky_enabled=\u00bb0&#8243;][\/et_pb_image][\/et_pb_column][et_pb_column type=\u00bb1_3&#8243; _builder_version=\u00bb4.14.4&#8243; _module_preset=\u00bbdefault\u00bb global_colors_info=\u00bb{}\u00bb][et_pb_text _builder_version=\u00bb4.14.4&#8243; _module_preset=\u00bbdefault\u00bb global_colors_info=\u00bb{}\u00bb]<\/p>\n<p>Ubicaci\u00f3n: Arturo Pratt 227, Tiltil, Regi\u00f3n Metropolitana<\/p>\n<p>Call Center: +56 9 5706 0144<\/p>\n<p>&nbsp;<\/p>\n<p><strong>Horario de Atenci\u00f3n<br \/><\/strong><span>Lunes a Viernes<\/span><br \/><span>10:00 a 14:00 &#8211; 15:00 a 19:00<\/span><\/p>\n<p>[\/et_pb_text][et_pb_button button_url=\u00bbhttps:\/\/wa.link\/3xqgbb\u00bb button_text=\u00bbH\u00e1blanos al Whatsapp  \u00bb _builder_version=\u00bb4.14.4&#8243; _module_preset=\u00bbdefault\u00bb custom_button=\u00bbon\u00bb button_icon=\u00bb&#xf232;||fa||400&#8243; global_colors_info=\u00bb{}\u00bb][\/et_pb_button][\/et_pb_column][et_pb_column type=\u00bb1_3&#8243; _builder_version=\u00bb4.14.4&#8243; _module_preset=\u00bbdefault\u00bb global_colors_info=\u00bb{}\u00bb][et_pb_code _builder_version=\u00bb4.14.4&#8243; _module_preset=\u00bbdefault\u00bb global_colors_info=\u00bb{}\u00bb]<iframe src=\"https:\/\/www.google.com\/maps\/embed?pb=!1m18!1m12!1m3!1d3342.9339143997227!2d-70.93133378481001!3d-33.084523180880296!2m3!1f0!2f0!3f0!3m2!1i1024!2i768!4f13.1!3m3!1m2!1s0x96629c14993fbb93%3A0xd5abae7ea70051f3!2sArturo%20Prat%20227%2C%20Tiltil%2C%20Regi%C3%B3n%20Metropolitana!5e0!3m2!1ses-419!2scl!4v1651071366713!5m2!1ses-419!2scl\" width=\"600\" height=\"450\" style=\"border:0;\" allowfullscreen=\"\" loading=\"lazy\" referrerpolicy=\"no-referrer-when-downgrade\">[\/et_pb_code][\/et_pb_column][\/et_pb_row][\/et_pb_section]<\/p>\n","protected":false},"excerpt":{"rendered":"<p>Ubicaci\u00f3n: Arturo Pratt 227, Tiltil, Regi\u00f3n Metropolitana Call Center: +56 9 5706 0144 &nbsp; Horario de Atenci\u00f3nLunes a Viernes10:00 a 14:00 &#8211; 15:00 a 19:00<\/p>\n","protected":false},"author":1,"featured_media":0,"parent":38,"menu_order":3,"comment_status":"closed","ping_status":"closed","template":"","meta":{"_et_pb_use_builder":"on","_et_pb_old_content":"","_et_gb_content_width":"","footnotes":""},"class_list":["post-46","page","type-page","status-publish","hentry"],"_links":{"self":[{"href":"https:\/\/clinisonrie.cl\/index.php\/wp-json\/wp\/v2\/pages\/46","targetHints":{"allow":["GET"]}}],"collection":[{"href":"https:\/\/clinisonrie.cl\/index.php\/wp-json\/wp\/v2\/pages"}],"about":[{"href":"https:\/\/clinisonrie.cl\/index.php\/wp-json\/wp\/v2\/types\/page"}],"author":[{"embeddable":true,"href":"https:\/\/clinisonrie.cl\/index.php\/wp-json\/wp\/v2\/users\/1"}],"replies":[{"embeddable":true,"href":"https:\/\/clinisonrie.cl\/index.php\/wp-json\/wp\/v2\/comments?post=46"}],"version-history":[{"count":6,"href":"https:\/\/clinisonrie.cl\/index.php\/wp-json\/wp\/v2\/pages\/46\/revisions"}],"predecessor-version":[{"id":332,"href":"https:\/\/clinisonrie.cl\/index.php\/wp-json\/wp\/v2\/pages\/46\/revisions\/332"}],"up":[{"embeddable":true,"href":"https:\/\/clinisonrie.cl\/index.php\/wp-json\/wp\/v2\/pages\/38"}],"wp:attachment":[{"href":"https:\/\/clinisonrie.cl\/index.php\/wp-json\/wp\/v2\/media?parent=46"}],"curies":[{"name":"wp","href":"https:\/\/api.w.org\/{rel}","templated":true}]}}